{"id":50410,"date":"2026-04-15T12:17:34","date_gmt":"2026-04-15T16:17:34","guid":{"rendered":"\/?page_id=50410"},"modified":"2026-04-15T13:35:42","modified_gmt":"2026-04-15T17:35:42","slug":"dream-cruise-2026-harmony-of-the-seas","status":"publish","type":"page","link":"\/es\/dream-cruise-2026-harmony-of-the-seas\/","title":{"rendered":"Crucero de Ensue\u00f1o 2026 | Harmony of the Seas"},"content":{"rendered":"<p>[et_pb_section fb_built=&#8221;1&#8243; admin_label=&#8221;Header&#8221; _builder_version=&#8221;4.27.4&#8243; _module_preset=&#8221;default&#8221; width=&#8221;90%&#8221; module_alignment=&#8221;center&#8221; collapsed=&#8221;on&#8221; global_colors_info=&#8221;{}&#8221;][et_pb_row _builder_version=&#8221;4.20.0&#8243; _module_preset=&#8221;default&#8221; global_colors_info=&#8221;{}&#8221;][et_pb_column type=&#8221;4_4&#8243; _builder_version=&#8221;4.20.0&#8243; _module_preset=&#8221;default&#8221; global_colors_info=&#8221;{}&#8221;][et_pb_text _builder_version=&#8221;4.27.4&#8243; _module_preset=&#8221;b9f16d62-6e1a-493e-befd-f1613ea66937&#8243; text_text_color=&#8221;gcid-primary-color&#8221; header_font=&#8221;Tenor Sans||||||||&#8221; header_3_font=&#8221;Montserrat|700|||||||&#8221; header_3_font_size=&#8221;40px&#8221; custom_margin=&#8221;||10px||false|false&#8221; header_3_font_size_tablet=&#8221;32px&#8221; header_3_font_size_phone=&#8221;22px&#8221; header_3_font_size_last_edited=&#8221;on|phone&#8221; locked=&#8221;off&#8221; global_colors_info=&#8221;{%22gcid-primary-color%22:%91%22text_text_color%22%93}&#8221;]<\/p>\n<h3 style=\"text-align: center;\">VIAJE DE ENSUE\u00d1O BRAVENLY: HARMONY OF THE SEAS<\/h3>\n<div style=\"width: 300px; height: 2px; background: #55876a; margin: 10px auto 25px;\"><\/div>\n<p>[\/et_pb_text][et_pb_text _builder_version=&#8221;4.27.4&#8243; _module_preset=&#8221;739d08d5-d20f-44ea-9dbc-0d45fd00d33e&#8221; text_font=&#8221;&#8211;et_global_body_font||||||||&#8221; text_text_color=&#8221;#000000&#8243; custom_padding=&#8221;|60px||60px|false|false&#8221; global_colors_info=&#8221;{}&#8221;]<\/p>\n<p style=\"text-align: center;\">Esto no es unas vacaciones promedio; \u00a1es mucho m\u00e1s que eso! El reci\u00e9n renovado Harmony of the Seas est\u00e1 lleno de emociones y experiencias inolvidables para todas las edades. Desde toboganes emocionantes y sabores atrevidos hasta una vida nocturna deslumbrante y espect\u00e1culos impresionantes. \u00a1Nunca has vivido una aventura como esta, solo con Royal Caribbean\u00ae!   <\/p>\n<p style=\"text-align: center;\">Vive lo mejor de las Bahamas con un d\u00eda explorando la vibrante cultura y belleza de Nassau, seguido de un d\u00eda inolvidable en el galardonado Perfect Day at CocoCay, donde te espera acceso exclusivo.<\/p>\n<p style=\"text-align: center;\"><em><\/em><\/p>\n<p style=\"text-align: center;\"><em>\u00a1Inicia sesi\u00f3n en Bravenly Home para obtener m\u00e1s informaci\u00f3n!<\/em><\/p>\n<p>[\/et_pb_text][et_pb_button button_url=&#8221;https:\/\/bravenlyhome.com\/es\/harmony-of-the-seas-2026\/&#8221; button_text=&#8221;SABER M\u00c1S&#8221; button_alignment=&#8221;center&#8221; button_text_tablet=&#8221;SABER M\u00c1S&#8221; button_text_phone=&#8221;SABER M\u00c1S&#8221; button_text_last_edited=&#8221;on|desktop&#8221; _builder_version=&#8221;4.27.4&#8243; _module_preset=&#8221;default&#8221; custom_button=&#8221;on&#8221; button_text_size=&#8221;18px&#8221; button_text_color=&#8221;#FFFFFF&#8221; button_bg_color=&#8221;gcid-primary-color&#8221; button_border_width=&#8221;2px&#8221; button_border_color=&#8221;gcid-body-color&#8221; button_font=&#8221;Lato||||||||&#8221; custom_margin=&#8221;10px||10px||false|false&#8221; custom_padding=&#8221;10px||10px||false|false&#8221; locked=&#8221;off&#8221; global_colors_info=&#8221;{%22gcid-body-color%22:%91%22button_border_color%22%93,%22gcid-primary-color%22:%91%22button_bg_color%22%93}&#8221;][\/et_pb_button][\/et_pb_column][\/et_pb_row][et_pb_row column_structure=&#8221;1_3,1_3,1_3&#8243; _builder_version=&#8221;4.27.4&#8243; _module_preset=&#8221;default&#8221; custom_padding=&#8221;1px|||||&#8221; hover_enabled=&#8221;0&#8243; locked=&#8221;off&#8221; global_colors_info=&#8221;{}&#8221; sticky_enabled=&#8221;0&#8243;][et_pb_column type=&#8221;1_3&#8243; _builder_version=&#8221;4.20.0&#8243; _module_preset=&#8221;default&#8221; global_colors_info=&#8221;{}&#8221;][et_pb_blurb title=&#8221;FECHA:&#8221; image_icon_background_color=&#8221;#000000&#8243; image=&#8221;https:\/\/d1jeyrxw15fk4e.cloudfront.net\/wp-content\/uploads\/2026\/02\/city-icon-15-p-white.png&#8221; _builder_version=&#8221;4.27.4&#8243; _module_preset=&#8221;984a2ad1-6b28-45de-82d9-8f6e1b9f4dd8&#8243; header_level=&#8221;h3&#8243; header_font=&#8221;Montserrat|||on|||||&#8221; header_font_size=&#8221;30px&#8221; body_font=&#8221;&#8211;et_global_body_font|700|||||||&#8221; body_text_color=&#8221;#000000&#8243; body_font_size=&#8221;16px&#8221; custom_margin=&#8221;||||false|false&#8221; locked=&#8221;off&#8221; global_colors_info=&#8221;{}&#8221;]<\/p>\n<p>10\u201314 de Noviembre de 2026<\/p>\n<p>[\/et_pb_blurb][\/et_pb_column][et_pb_column type=&#8221;1_3&#8243; _builder_version=&#8221;4.20.0&#8243; _module_preset=&#8221;default&#8221; global_colors_info=&#8221;{}&#8221;][et_pb_blurb title=&#8221;QUI\u00c9NES:&#8221; image_icon_background_color=&#8221;#000000&#8243; image=&#8221;https:\/\/d1jeyrxw15fk4e.cloudfront.net\/wp-content\/uploads\/2026\/03\/1.png&#8221; alt=&#8221;people icon&#8221; _builder_version=&#8221;4.27.4&#8243; _module_preset=&#8221;984a2ad1-6b28-45de-82d9-8f6e1b9f4dd8&#8243; header_level=&#8221;h3&#8243; header_font=&#8221;Montserrat|||on|||||&#8221; header_font_size=&#8221;30px&#8221; body_font=&#8221;&#8211;et_global_body_font|700|||||||&#8221; body_text_color=&#8221;#000000&#8243; body_font_size=&#8221;16px&#8221; custom_margin=&#8221;||0px||false|false&#8221; custom_margin_tablet=&#8221;||0px||false|false&#8221; custom_margin_phone=&#8221;-80px||||false|false&#8221; custom_margin_last_edited=&#8221;on|phone&#8221; locked=&#8221;off&#8221; global_colors_info=&#8221;{}&#8221;]<\/p>\n<p>Los 220 principales ganadores de puntos y 15 ganadores Wild Card (m\u00e1s sus acompa\u00f1antes)<\/p>\n<p>[\/et_pb_blurb][\/et_pb_column][et_pb_column _builder_version=&#8221;4.27.4&#8243; _module_preset=&#8221;default&#8221; type=&#8221;1_3&#8243;][et_pb_blurb title=&#8221;DESTINO:&#8221; image_icon_background_color=&#8221;#000000&#8243; image=&#8221;https:\/\/d1jeyrxw15fk4e.cloudfront.net\/wp-content\/uploads\/2026\/03\/Untitled-design-6-2.png&#8221; alt=&#8221;people icon&#8221; _builder_version=&#8221;4.27.4&#8243; _module_preset=&#8221;984a2ad1-6b28-45de-82d9-8f6e1b9f4dd8&#8243; header_level=&#8221;h3&#8243; header_font=&#8221;Montserrat|||on|||||&#8221; header_font_size=&#8221;30px&#8221; body_font=&#8221;&#8211;et_global_body_font|700|||||||&#8221; body_text_color=&#8221;#000000&#8243; body_font_size=&#8221;16px&#8221; custom_margin=&#8221;||0px||false|false&#8221; custom_margin_tablet=&#8221;||0px||false|false&#8221; custom_margin_phone=&#8221;-80px||||false|false&#8221; custom_margin_last_edited=&#8221;on|phone&#8221; hover_enabled=&#8221;0&#8243; locked=&#8221;off&#8221; global_colors_info=&#8221;{}&#8221; sticky_enabled=&#8221;0&#8243;]<\/p>\n<p>Nassau, Bahamas y Perfect Day at CocoCay<\/p>\n<p>[\/et_pb_blurb][\/et_pb_column][\/et_pb_row][\/et_pb_section][et_pb_section fb_built=&#8221;1&#8243; admin_label=&#8221;Feature&#8221; _builder_version=&#8221;4.27.4&#8243; _module_preset=&#8221;default&#8221; width=&#8221;90%&#8221; module_alignment=&#8221;center&#8221; custom_padding=&#8221;0px||0px||true|false&#8221; locked=&#8221;off&#8221; collapsed=&#8221;on&#8221; global_colors_info=&#8221;{}&#8221;][et_pb_row _builder_version=&#8221;4.27.4&#8243; _module_preset=&#8221;default&#8221; global_colors_info=&#8221;{}&#8221;][et_pb_column type=&#8221;4_4&#8243; _builder_version=&#8221;4.27.4&#8243; _module_preset=&#8221;default&#8221; global_colors_info=&#8221;{}&#8221;][et_pb_text _builder_version=&#8221;4.27.4&#8243; _module_preset=&#8221;b9f16d62-6e1a-493e-befd-f1613ea66937&#8243; header_font=&#8221;Tenor Sans||||||||&#8221; header_3_font=&#8221;Montserrat|700|||||||&#8221; header_3_font_size=&#8221;40px&#8221; custom_margin=&#8221;||10px||false|false&#8221; header_3_font_tablet=&#8221;Montserrat|700|||||||&#8221; header_3_font_phone=&#8221;Montserrat|700|||||||&#8221; header_3_font_last_edited=&#8221;on|phone&#8221; header_3_font_size_phone=&#8221;30px&#8221; locked=&#8221;off&#8221; global_colors_info=&#8221;{}&#8221;]<\/p>\n<h3 style=\"text-align: center;\">LO MEJOR DEL BARCO<\/h3>\n<div style=\"width: 140px; height: 2px; background: #55876a; margin: 10px auto 25px;\"> <\/div>\n<p>[\/et_pb_text][et_pb_text _builder_version=&#8221;4.27.4&#8243; _module_preset=&#8221;739d08d5-d20f-44ea-9dbc-0d45fd00d33e&#8221; text_font=&#8221;&#8211;et_global_body_font||||||||&#8221; text_text_color=&#8221;#000000&#8243; locked=&#8221;off&#8221; global_colors_info=&#8221;{}&#8221;]<\/p>\n<p style=\"text-align: center;\">Descubre algunos de los mejores momentos a bordo del Harmony of the Seas.<\/p>\n<p>[\/et_pb_text][\/et_pb_column][\/et_pb_row][\/et_pb_section][et_pb_section fb_built=&#8221;1&#8243; custom_padding_last_edited=&#8221;on|tablet&#8221; _builder_version=&#8221;4.27.4&#8243; width=&#8221;90%&#8221; module_alignment=&#8221;center&#8221; min_height=&#8221;1124.8px&#8221; custom_margin=&#8221;-100px||||false|false&#8221; custom_padding=&#8221;4px||3px|||&#8221; custom_padding_tablet=&#8221;80px||80px|&#8221; custom_padding_phone=&#8221;&#8221; border_radii=&#8221;on|5px|5px|5px|5px&#8221; locked=&#8221;off&#8221; global_colors_info=&#8221;{}&#8221;][et_pb_row column_structure=&#8221;1_3,1_3,1_3&#8243; _builder_version=&#8221;4.25.0&#8243; custom_padding=&#8221;70px|||&#8221; locked=&#8221;off&#8221; global_colors_info=&#8221;{}&#8221;][et_pb_column type=&#8221;1_3&#8243; _builder_version=&#8221;4.25.0&#8243; _module_preset=&#8221;default&#8221; global_colors_info=&#8221;{}&#8221;][et_pb_image src=&#8221;https:\/\/d1jeyrxw15fk4e.cloudfront.net\/wp-content\/uploads\/2026\/04\/harmony-of-the-seas-fine-and-casual-dining.jpg&#8221; alt=&#8221;harmony of the seas fine and casual dining&#8221; title_text=&#8221;harmony of the seas fine and casual dining&#8221; force_fullwidth=&#8221;on&#8221; align_tablet=&#8221;center&#8221; align_phone=&#8221;center&#8221; align_last_edited=&#8221;on|desktop&#8221; _builder_version=&#8221;4.27.4&#8243; custom_margin=&#8221;|||&#8221; animation_style=&#8221;slide&#8221; animation_direction=&#8221;%22fade_in%22&#8243; animation_duration=&#8221;500ms&#8221; animation_intensity_slide=&#8221;10%&#8221; border_radii=&#8221;on|5px|5px|5px|5px&#8221; animation=&#8221;fade_in&#8221; global_colors_info=&#8221;{}&#8221;][\/et_pb_image][et_pb_text admin_label=&#8221;More Places Title&#8221; _builder_version=&#8221;4.27.4&#8243; text_font=&#8221;||||&#8221; header_font=&#8221;Montserrat|||on|||||&#8221; header_text_color=&#8221;#000000&#8243; header_font_size=&#8221;17px&#8221; header_line_height=&#8221;1.3em&#8221; background_size=&#8221;initial&#8221; background_position=&#8221;top_left&#8221; background_repeat=&#8221;repeat&#8221; text_orientation=&#8221;center&#8221; custom_margin=&#8221;|||&#8221; custom_padding=&#8221;|||&#8221; animation_style=&#8221;slide&#8221; animation_direction=&#8221;top&#8221; animation_intensity_slide=&#8221;10%&#8221; global_colors_info=&#8221;{}&#8221;]<\/p>\n<h1>COMIDA ELEGANTE Y CASUAL<\/h1>\n<div style=\"width: 120px; height: 2px; background: #000000; margin: 4px auto 25px;\"><\/div>\n<p>[\/et_pb_text][\/et_pb_column][et_pb_column type=&#8221;1_3&#8243; _builder_version=&#8221;4.25.0&#8243; _module_preset=&#8221;default&#8221; global_colors_info=&#8221;{}&#8221;][et_pb_image src=&#8221;https:\/\/d1jeyrxw15fk4e.cloudfront.net\/wp-content\/uploads\/2026\/04\/harmony-of-the-seas-room-enterntainment.jpg&#8221; alt=&#8221;harmony of the seas room entertainment&#8221; title_text=&#8221;harmony of the seas room entertainment&#8221; force_fullwidth=&#8221;on&#8221; align_tablet=&#8221;center&#8221; align_phone=&#8221;center&#8221; align_last_edited=&#8221;on|desktop&#8221; _builder_version=&#8221;4.27.4&#8243; custom_margin=&#8221;|||&#8221; animation_style=&#8221;slide&#8221; animation_direction=&#8221;%22fade_in%22&#8243; animation_duration=&#8221;500ms&#8221; animation_intensity_slide=&#8221;10%&#8221; border_radii=&#8221;on|5px|5px|5px|5px&#8221; animation=&#8221;fade_in&#8221; global_colors_info=&#8221;{}&#8221;][\/et_pb_image][et_pb_text admin_label=&#8221;More Places Title&#8221; _builder_version=&#8221;4.27.4&#8243; text_font=&#8221;||||&#8221; header_font=&#8221;Montserrat|||on|||||&#8221; header_text_color=&#8221;#000000&#8243; header_font_size=&#8221;17px&#8221; header_line_height=&#8221;1.3em&#8221; background_size=&#8221;initial&#8221; background_position=&#8221;top_left&#8221; background_repeat=&#8221;repeat&#8221; text_orientation=&#8221;center&#8221; custom_margin=&#8221;|||&#8221; custom_padding=&#8221;|||&#8221; animation_style=&#8221;slide&#8221; animation_direction=&#8221;top&#8221; animation_intensity_slide=&#8221;10%&#8221; global_colors_info=&#8221;{}&#8221;]<\/p>\n<h1>Entretenimiento en la habitaci\u00f3n<\/h1>\n<div style=\"width: 120px; height: 2px; background: #000000; margin: 4px auto 25px;\"><\/div>\n<p>[\/et_pb_text][\/et_pb_column][et_pb_column type=&#8221;1_3&#8243; _builder_version=&#8221;4.25.0&#8243; _module_preset=&#8221;default&#8221; global_colors_info=&#8221;{}&#8221;][et_pb_image src=&#8221;https:\/\/d1jeyrxw15fk4e.cloudfront.net\/wp-content\/uploads\/2026\/04\/harmony-of-the-seas-wellness-and-spa.jpg&#8221; alt=&#8221;harmony of the seas wellness and spa&#8221; title_text=&#8221;harmony of the seas wellness and spa&#8221; force_fullwidth=&#8221;on&#8221; align_tablet=&#8221;center&#8221; align_phone=&#8221;center&#8221; align_last_edited=&#8221;on|desktop&#8221; _builder_version=&#8221;4.27.4&#8243; custom_margin=&#8221;|||&#8221; animation_style=&#8221;slide&#8221; animation_direction=&#8221;%22fade_in%22&#8243; animation_duration=&#8221;500ms&#8221; animation_intensity_slide=&#8221;10%&#8221; border_radii=&#8221;on|5px|5px|5px|5px&#8221; animation=&#8221;fade_in&#8221; global_colors_info=&#8221;{}&#8221;][\/et_pb_image][et_pb_text admin_label=&#8221;More Places Title&#8221; _builder_version=&#8221;4.27.4&#8243; text_font=&#8221;Montserrat||||||||&#8221; header_font=&#8221;Montserrat|||on|||||&#8221; header_text_color=&#8221;#000000&#8243; header_font_size=&#8221;17px&#8221; header_line_height=&#8221;1.3em&#8221; background_size=&#8221;initial&#8221; background_position=&#8221;top_left&#8221; background_repeat=&#8221;repeat&#8221; text_orientation=&#8221;center&#8221; custom_margin=&#8221;|||&#8221; custom_padding=&#8221;|||&#8221; animation_style=&#8221;slide&#8221; animation_direction=&#8221;top&#8221; animation_intensity_slide=&#8221;10%&#8221; global_colors_info=&#8221;{}&#8221;]<\/p>\n<h1>Bienestar y spa<\/h1>\n<div style=\"width: 120px; height: 2px; background: #000000; margin: 4px auto 25px;\"><\/div>\n<p>[\/et_pb_text][\/et_pb_column][\/et_pb_row][et_pb_row column_structure=&#8221;1_3,1_3,1_3&#8243; _builder_version=&#8221;4.27.4&#8243; custom_margin_tablet=&#8221;&#8221; custom_margin_phone=&#8221;-60px||||false|false&#8221; custom_margin_last_edited=&#8221;on|phone&#8221; custom_padding=&#8221;70px|||&#8221; locked=&#8221;off&#8221; global_colors_info=&#8221;{}&#8221;][et_pb_column type=&#8221;1_3&#8243; _builder_version=&#8221;4.25.0&#8243; _module_preset=&#8221;default&#8221; global_colors_info=&#8221;{}&#8221;][et_pb_image src=&#8221;https:\/\/d1jeyrxw15fk4e.cloudfront.net\/wp-content\/uploads\/2026\/04\/harmony-of-the-seas-activities-for-all-ages.jpg&#8221; alt=&#8221;harmony of the seas activities for all ages&#8221; title_text=&#8221;harmony of the seas activities for all ages&#8221; force_fullwidth=&#8221;on&#8221; align_tablet=&#8221;center&#8221; align_phone=&#8221;center&#8221; align_last_edited=&#8221;on|desktop&#8221; _builder_version=&#8221;4.27.4&#8243; custom_margin=&#8221;|||&#8221; animation_style=&#8221;slide&#8221; animation_direction=&#8221;%22fade_in%22&#8243; animation_duration=&#8221;500ms&#8221; animation_intensity_slide=&#8221;10%&#8221; border_radii=&#8221;on|5px|5px|5px|5px&#8221; animation=&#8221;fade_in&#8221; global_colors_info=&#8221;{}&#8221;][\/et_pb_image][et_pb_text admin_label=&#8221;More Places Title&#8221; _builder_version=&#8221;4.27.4&#8243; text_font=&#8221;||||&#8221; header_font=&#8221;Montserrat|||on|||||&#8221; header_text_color=&#8221;#000000&#8243; header_font_size=&#8221;17px&#8221; header_line_height=&#8221;1.3em&#8221; background_size=&#8221;initial&#8221; background_position=&#8221;top_left&#8221; background_repeat=&#8221;repeat&#8221; text_orientation=&#8221;center&#8221; custom_margin=&#8221;|||&#8221; custom_padding=&#8221;|||&#8221; animation_style=&#8221;slide&#8221; animation_direction=&#8221;top&#8221; animation_intensity_slide=&#8221;10%&#8221; global_colors_info=&#8221;{}&#8221;]<\/p>\n<h1>ACTIVIDADES PARA TODAS LAS EDADES<\/h1>\n<div style=\"width: 120px; height: 2px; background: #000000; margin: 4px auto 25px;\"><\/div>\n<p>[\/et_pb_text][\/et_pb_column][et_pb_column type=&#8221;1_3&#8243; _builder_version=&#8221;4.25.0&#8243; _module_preset=&#8221;default&#8221; global_colors_info=&#8221;{}&#8221;][et_pb_image src=&#8221;https:\/\/d1jeyrxw15fk4e.cloudfront.net\/wp-content\/uploads\/2026\/04\/harmony-of-the-seas-luxury-gym.jpg&#8221; alt=&#8221;harmony of the seas luxury gym&#8221; title_text=&#8221;harmony of the seas luxury gym&#8221; force_fullwidth=&#8221;on&#8221; align_tablet=&#8221;center&#8221; align_phone=&#8221;center&#8221; align_last_edited=&#8221;on|desktop&#8221; _builder_version=&#8221;4.27.4&#8243; custom_margin=&#8221;|||&#8221; animation_style=&#8221;slide&#8221; animation_direction=&#8221;%22fade_in%22&#8243; animation_duration=&#8221;500ms&#8221; animation_intensity_slide=&#8221;10%&#8221; border_radii=&#8221;on|5px|5px|5px|5px&#8221; animation=&#8221;fade_in&#8221; global_colors_info=&#8221;{}&#8221;][\/et_pb_image][et_pb_text admin_label=&#8221;More Places Title&#8221; _builder_version=&#8221;4.27.4&#8243; text_font=&#8221;||||&#8221; header_font=&#8221;Montserrat|||on|||||&#8221; header_text_color=&#8221;#000000&#8243; header_font_size=&#8221;17px&#8221; header_line_height=&#8221;1.3em&#8221; background_size=&#8221;initial&#8221; background_position=&#8221;top_left&#8221; background_repeat=&#8221;repeat&#8221; text_orientation=&#8221;center&#8221; custom_margin=&#8221;|||&#8221; custom_padding=&#8221;|||&#8221; animation_style=&#8221;slide&#8221; animation_direction=&#8221;top&#8221; animation_intensity_slide=&#8221;10%&#8221; global_colors_info=&#8221;{}&#8221;]<\/p>\n<h1>Gimnasio de lujo<\/h1>\n<div style=\"width: 120px; height: 2px; background: #000000; margin: 4px auto 25px;\"><\/div>\n<p>[\/et_pb_text][\/et_pb_column][et_pb_column type=&#8221;1_3&#8243; _builder_version=&#8221;4.25.0&#8243; _module_preset=&#8221;default&#8221; global_colors_info=&#8221;{}&#8221;][et_pb_image src=&#8221;https:\/\/d1jeyrxw15fk4e.cloudfront.net\/wp-content\/uploads\/2026\/04\/harmony-of-the-seas-5-star-accomodations.jpg&#8221; alt=&#8221;harmony of the seas 5 star accommodations&#8221; title_text=&#8221;harmony of the seas 5 star accommodations&#8221; force_fullwidth=&#8221;on&#8221; align_tablet=&#8221;center&#8221; align_phone=&#8221;center&#8221; align_last_edited=&#8221;on|desktop&#8221; _builder_version=&#8221;4.27.4&#8243; custom_margin=&#8221;|||&#8221; animation_style=&#8221;slide&#8221; animation_direction=&#8221;%22fade_in%22&#8243; animation_duration=&#8221;500ms&#8221; animation_intensity_slide=&#8221;10%&#8221; border_radii=&#8221;on|5px|5px|5px|5px&#8221; animation=&#8221;fade_in&#8221; global_colors_info=&#8221;{}&#8221;][\/et_pb_image][et_pb_text admin_label=&#8221;More Places Title&#8221; _builder_version=&#8221;4.27.4&#8243; text_font=&#8221;Montserrat||||||||&#8221; header_font=&#8221;Montserrat|||on|||||&#8221; header_text_color=&#8221;#000000&#8243; header_font_size=&#8221;17px&#8221; header_line_height=&#8221;1.3em&#8221; background_size=&#8221;initial&#8221; background_position=&#8221;top_left&#8221; background_repeat=&#8221;repeat&#8221; text_orientation=&#8221;center&#8221; custom_margin=&#8221;|||&#8221; custom_padding=&#8221;|||&#8221; animation_style=&#8221;slide&#8221; animation_direction=&#8221;top&#8221; animation_intensity_slide=&#8221;10%&#8221; global_colors_info=&#8221;{}&#8221;]<\/p>\n<h1>Alojamiento de 5 estrellas<\/h1>\n<div style=\"width: 120px; height: 2px; background: #000000; margin: 4px auto 25px;\"><\/div>\n<p>[\/et_pb_text][\/et_pb_column][\/et_pb_row][\/et_pb_section][et_pb_section fb_built=&#8221;1&#8243; _builder_version=&#8221;4.27.4&#8243; _module_preset=&#8221;default&#8221; background_color=&#8221;gcid-86da69f8-ce43-4c42-8395-4abd58818e72&#8243; background_enable_image=&#8221;off&#8221; parallax=&#8221;on&#8221; locked=&#8221;off&#8221; global_colors_info=&#8221;{%22gcid-86da69f8-ce43-4c42-8395-4abd58818e72%22:%91%22background_color%22%93}&#8221;][\/et_pb_section][et_pb_section fb_built=&#8221;1&#8243; _builder_version=&#8221;4.27.4&#8243; _module_preset=&#8221;default&#8221; background_image=&#8221;https:\/\/d1jeyrxw15fk4e.cloudfront.net\/wp-content\/uploads\/2026\/04\/ocean-water-website-background-image-1.png&#8221; parallax=&#8221;on&#8221; locked=&#8221;off&#8221; global_colors_info=&#8221;{}&#8221;][et_pb_row _builder_version=&#8221;4.27.4&#8243; _module_preset=&#8221;default&#8221; background_enable_image=&#8221;off&#8221; border_radii=&#8221;on|5px|5px|5px|5px&#8221; global_colors_info=&#8221;{}&#8221;][et_pb_column type=&#8221;4_4&#8243; _builder_version=&#8221;4.27.4&#8243; _module_preset=&#8221;default&#8221; global_colors_info=&#8221;{}&#8221;][et_pb_countdown_timer title=&#8221;Bravenly Dream Cruise 2026&#8243; date_time=&#8221;2026-11-10 15:06&#8243; module_class=&#8221;custom-countdown&#8221; _builder_version=&#8221;4.27.4&#8243; _module_preset=&#8221;default&#8221; header_font=&#8221;Montserrat|700||on|||||&#8221; header_text_color=&#8221;#FFFFFF&#8221; header_font_size=&#8221;32px&#8221; numbers_font=&#8221;Montserrat||||||||&#8221; numbers_text_color=&#8221;#FFFFFF&#8221; separator_text_color=&#8221;RGBA(255,255,255,0)&#8221; separator_font_size=&#8221;1px&#8221; separator_line_height=&#8221;34px&#8221; label_font=&#8221;Montserrat|||on|||||&#8221; label_text_color=&#8221;#FFFFFF&#8221; label_font_size=&#8221;10px&#8221; background_color=&#8221;RGBA(255,255,255,0)&#8221; header_font_size_tablet=&#8221;32px&#8221; header_font_size_phone=&#8221;28px&#8221; header_font_size_last_edited=&#8221;on|phone&#8221; custom_css_free_form=&#8221;\/* Completely remove the colon *\/||.custom-countdown .et_pb_countdown_timer_container .sep {||    font-size: 0;||    line-height: 0;||}||||\/* Add vertical divider line *\/||.custom-countdown .et_pb_countdown_timer_container .sep::before {||    content: %22%22;||    display: inline-block;||    width: 1px;||    height: 55px;||    background-color: rgba(255,255,255,0.4);||    vertical-align: middle;||}||||\/* Keep your spacing exactly how it is *\/||.custom-countdown .et_pb_countdown_timer_container .sep {||    margin: 0 15px;||}&#8221; numbers_text_shadow_style=&#8221;preset3&#8243; numbers_text_shadow_blur_strength=&#8221;0.04em&#8221; border_radii=&#8221;on|12px|12px|12px|12px&#8221; border_color_all=&#8221;gcid-primary-color&#8221; locked=&#8221;off&#8221; global_colors_info=&#8221;{%22gcid-primary-color%22:%91%22border_color_all%22%93}&#8221;][\/et_pb_countdown_timer][et_pb_button button_url=&#8221;https:\/\/bravenlyhome.com\/es\/harmony-of-the-seas-2026\/&#8221; button_text=&#8221;DETALLES PARA SOCIOS DE MARCA&#8221; button_alignment=&#8221;center&#8221; button_text_tablet=&#8221;DETALLES PARA SOCIOS DE MARCA&#8221; button_text_phone=&#8221;DETALLES PARA SOCIOS DE MARCA&#8221; button_text_last_edited=&#8221;on|desktop&#8221; _builder_version=&#8221;4.27.4&#8243; _module_preset=&#8221;default&#8221; custom_button=&#8221;on&#8221; button_text_size=&#8221;20px&#8221; button_text_color=&#8221;#FFFFFF&#8221; button_border_width=&#8221;2px&#8221; button_border_color=&#8221;#FFFFFF&#8221; button_font=&#8221;Lato||||||||&#8221; custom_margin=&#8221;-40px||||false|false&#8221; custom_margin_tablet=&#8221;-40px||||false|false&#8221; custom_margin_phone=&#8221;20px||||false|false&#8221; custom_margin_last_edited=&#8221;on|phone&#8221; custom_padding=&#8221;10px||10px||false|false&#8221; button_text_size_tablet=&#8221;20px&#8221; button_text_size_phone=&#8221;14px&#8221; button_text_size_last_edited=&#8221;on|phone&#8221; locked=&#8221;off&#8221; global_colors_info=&#8221;{%22gcid-primary-color%22:%91%22button_bg_color%22%93}&#8221; button_border_color__hover_enabled=&#8221;on|hover&#8221; button_border_color__hover=&#8221;#FFFFFF&#8221;][\/et_pb_button][\/et_pb_column][\/et_pb_row][\/et_pb_section]<\/p>\n","protected":false},"excerpt":{"rendered":"<p>VIAJE DE ENSUE\u00d1O BRAVENLY: HARMONY OF THE SEAS Esto no es unas vacaciones promedio; \u00a1es mucho m\u00e1s que eso! El reci\u00e9n renovado Harmony of the Seas est\u00e1 lleno de emociones y experiencias inolvidables para todas las edades. Desde toboganes emocionantes y sabores atrevidos hasta una vida nocturna deslumbrante y espect\u00e1culos impresionantes. \u00a1Nunca has vivido una [&hellip;]<\/p>\n","protected":false},"author":191432657,"featured_media":0,"parent":0,"menu_order":0,"comment_status":"closed","ping_status":"closed","template":"","meta":{"_et_pb_use_builder":"on","_et_pb_old_content":"","_et_gb_content_width":"","_coblocks_attr":"","_coblocks_dimensions":"","_coblocks_responsive_height":"","_coblocks_accordion_ie_support":"","footnotes":""},"class_list":["post-50410","page","type-page","status-publish","hentry"],"_links":{"self":[{"href":"https:\/\/rebeccabraley.bravenlyglobal.com\/es\/wp-json\/wp\/v2\/pages\/50410","targetHints":{"allow":["GET"]}}],"collection":[{"href":"https:\/\/rebeccabraley.bravenlyglobal.com\/es\/wp-json\/wp\/v2\/pages"}],"about":[{"href":"https:\/\/rebeccabraley.bravenlyglobal.com\/es\/wp-json\/wp\/v2\/types\/page"}],"author":[{"embeddable":true,"href":"https:\/\/rebeccabraley.bravenlyglobal.com\/es\/wp-json\/wp\/v2\/users\/191432657"}],"replies":[{"embeddable":true,"href":"https:\/\/rebeccabraley.bravenlyglobal.com\/es\/wp-json\/wp\/v2\/comments?post=50410"}],"version-history":[{"count":5,"href":"https:\/\/rebeccabraley.bravenlyglobal.com\/es\/wp-json\/wp\/v2\/pages\/50410\/revisions"}],"predecessor-version":[{"id":50484,"href":"https:\/\/rebeccabraley.bravenlyglobal.com\/es\/wp-json\/wp\/v2\/pages\/50410\/revisions\/50484"}],"wp:attachment":[{"href":"https:\/\/rebeccabraley.bravenlyglobal.com\/es\/wp-json\/wp\/v2\/media?parent=50410"}],"curies":[{"name":"wp","href":"https:\/\/api.w.org\/{rel}","templated":true}]}}